{"id":75,"date":"2022-12-29T13:17:40","date_gmt":"2022-12-29T13:17:40","guid":{"rendered":"http:\/\/datacrazyworld.com\/?page_id=75"},"modified":"2026-01-26T18:31:21","modified_gmt":"2026-01-26T18:31:21","slug":"quien-soy","status":"publish","type":"page","link":"https:\/\/datacrazyworld.com\/index.php\/quien-soy\/","title":{"rendered":"Qui\u00e9n soy"},"content":{"rendered":"\n<p>\u00a1Hola! \u00a1Bienvenido a mi blog <strong>Data Crazy World<\/strong>!<\/p>\n\n\n\n<p>Lo primero de todo, gracias por dejarte caer por aqu\u00ed y mostrar inter\u00e9s en descubrir qui\u00e9n est\u00e1 detr\u00e1s de <strong>Data Crazy World<\/strong>.<\/p>\n\n\n\n<div class=\"wp-block-columns is-layout-flex wp-container-core-columns-is-layout-9d6595d7 wp-block-columns-is-layout-flex\">\n<div class=\"wp-block-column is-layout-flow wp-block-column-is-layout-flow\">\n<p>Me llamo Cristina y tras m\u00e1s de 15 a\u00f1os trabajando con datos y rebuscando en internet soluciones a los problemas que me enfrento a diario, he decidido reunir mis pildoritas de conocimiento y compartirlas con el resto del mundo. Algunas seguramente ya las sabr\u00e9is, otras son interpretaciones de lo aprendido de otros sitios webs de referencia (casi todos en ingl\u00e9s) que pretendo acercar m\u00e1s al p\u00fablico de habla hispana y el resto son simplemente el resultado de mi experiencia.<\/p>\n\n\n\n<p>Todo el contenido de este blog tiene el objetivo de ayudar a quien lo necesite, as\u00ed que si quieres comentarme algo no dudes en contactar conmigo.<\/p>\n\n\n\n<p>Si tienes m\u00e1s curiosidad sobre m\u00ed y mi trayectoria profesional, visita mi perfil de <a href=\"https:\/\/www.linkedin.com\/in\/cristina-tarabini-castellani\/\">LinkedIn<\/a> y s\u00e1ciala.<\/p>\n<\/div>\n\n\n\n<div class=\"wp-block-column is-layout-flow wp-block-column-is-layout-flow\">\n<figure class=\"wp-block-image size-large is-resized is-style-default\"><img loading=\"lazy\" decoding=\"async\" width=\"803\" height=\"1024\" src=\"https:\/\/datacrazyworld.com\/wp-content\/uploads\/2023\/03\/FotoCrisCharla-803x1024.jpg\" alt=\"\" class=\"wp-image-258\" style=\"width:402px;height:512px\" srcset=\"https:\/\/datacrazyworld.com\/wp-content\/uploads\/2023\/03\/FotoCrisCharla-803x1024.jpg 803w, https:\/\/datacrazyworld.com\/wp-content\/uploads\/2023\/03\/FotoCrisCharla-235x300.jpg 235w, https:\/\/datacrazyworld.com\/wp-content\/uploads\/2023\/03\/FotoCrisCharla-768x980.jpg 768w, https:\/\/datacrazyworld.com\/wp-content\/uploads\/2023\/03\/FotoCrisCharla-1204x1536.jpg 1204w, https:\/\/datacrazyworld.com\/wp-content\/uploads\/2023\/03\/FotoCrisCharla.jpg 1366w\" sizes=\"auto, (max-width: 803px) 100vw, 803px\" \/><\/figure>\n<\/div>\n<\/div>\n\n\n\n<p>Adicionalmente, como soy bastante inquieta, colaboro con algunas comunidades y grupos de usuarios que te invito que visites y conozcas:<\/p>\n\n\n\n<ul class=\"wp-block-list\">\n<li><strong>Women For Technical Talks<\/strong> (W4TT): Es un grupo en el que intentamos potenciar la visibilidad de las mujeres en el mundo tecnol\u00f3gico y su participaci\u00f3n en charlas tecnol\u00f3gicas.  Puedes encontrar m\u00e1s informaci\u00f3n en su p\u00e1gina de LinkedIn ( <a href=\"https:\/\/www.linkedin.com\/company\/women-for-technical-talks-w4tt\/\">https:\/\/www.linkedin.com\/company\/women-for-technical-talks-w4tt\/<\/a> ) y sino, contacta conmigo y te ayudar\u00e9.<\/li>\n\n\n\n<li><strong>Power Platform Euskadi<\/strong>: Grupo de profesionales de Euskadi , especialistas en el mundo del an\u00e1lisis y tratamiento del dato (Business Intelligence y BigData), dispuestos a compartir conocimientos y buenas pr\u00e1cticas con herramientas como Microsoft Power BI y Microsoft Power Platform. Puedes ver los eventos del grupo en su p\u00e1gina de meetup ( <a href=\"https:\/\/www.meetup.com\/es-ES\/power-platform-euskadi\/?_cookie-check=lNi5pdMfhH1wA0yn\">https:\/\/www.linkedin.com\/groups\/12502267\/<\/a> ) o contactar conmigo y te informar\u00e9 de lo que pueda.<\/li>\n\n\n\n<li><strong>Inspira STEAM<\/strong>: Es un proyecto que nace en la Universidad de Deusto para el fomento de la vocaci\u00f3n cient\u00edfico-tecnol\u00f3gica entre las ni\u00f1as, basado en acciones de sensibilizaci\u00f3n y orientaci\u00f3n, que imparten mujeres profesionales del mundo de la investigaci\u00f3n, la ciencia y la tecnolog\u00eda. Estas mujeres son las mentoras y van a los colegios a hacer una serie de actividades con ellas. Para m\u00e1s informaci\u00f3n, te invito que visites su web: <a href=\"https:\/\/inspirasteam.net\">https:\/\/inspirasteam.net<\/a> <\/li>\n<\/ul>\n\n\n\n<div class=\"wp-block-columns is-layout-flex wp-container-core-columns-is-layout-9d6595d7 wp-block-columns-is-layout-flex\">\n<div class=\"wp-block-column is-layout-flow wp-block-column-is-layout-flow\" style=\"flex-basis:66.66%\">\n<p>Por todas estas colaboraciones y mi participaci\u00f3n en la comunidad t\u00e9cnica desde Marzo de 2025 tengo el honor de que ser reconocida como <strong>Microsoft MVP <\/strong>(Microsoft Value Professinal) en su <strong>Data Platform<\/strong> , especialidad <strong>SQL Server<\/strong><\/p>\n<\/div>\n\n\n\n<div class=\"wp-block-column is-layout-flow wp-block-column-is-layout-flow\" style=\"flex-basis:33.33%\">\n<figure class=\"wp-block-image size-full\"><img loading=\"lazy\" decoding=\"async\" width=\"181\" height=\"74\" src=\"https:\/\/datacrazyworld.com\/wp-content\/uploads\/2026\/01\/MVP_Badge_Horizontal_Preferred_Blue3005_RGB.png\" alt=\"\" class=\"wp-image-755\"\/><\/figure>\n<\/div>\n<\/div>\n\n\n\n<p>Tambi\u00e9n quer\u00eda aprovechar estas l\u00edneas para agradecer a mi compa\u00f1era Laura Naveira (<a href=\"http:\/\/lauranaveira.com\" target=\"_blank\" rel=\"noopener\" title=\"\">http:\/\/lauranaveira.com<\/a>) el logo tan chulo que ha creado para esta web y todos los consejos que me ha dado.<\/p>\n\n\n\n<p>\u00a1Espero que te guste todo lo que encuentres en mi blog!<\/p>\n","protected":false},"excerpt":{"rendered":"<p>\u00a1Hola! \u00a1Bienvenido a mi blog Data Crazy World! Lo primero de todo, gracias por dejarte caer por aqu\u00ed y mostrar inter\u00e9s en descubrir qui\u00e9n est\u00e1 detr\u00e1s de Data Crazy World. Me llamo&#46;&#46;&#46;<\/p>\n","protected":false},"author":2,"featured_media":0,"parent":0,"menu_order":0,"comment_status":"closed","ping_status":"closed","template":"","meta":{"_monsterinsights_skip_tracking":false,"_monsterinsights_sitenote_active":false,"_monsterinsights_sitenote_note":"","_monsterinsights_sitenote_category":0,"footnotes":""},"class_list":["post-75","page","type-page","status-publish","hentry"],"aioseo_notices":[],"_links":{"self":[{"href":"https:\/\/datacrazyworld.com\/index.php\/wp-json\/wp\/v2\/pages\/75","targetHints":{"allow":["GET"]}}],"collection":[{"href":"https:\/\/datacrazyworld.com\/index.php\/wp-json\/wp\/v2\/pages"}],"about":[{"href":"https:\/\/datacrazyworld.com\/index.php\/wp-json\/wp\/v2\/types\/page"}],"author":[{"embeddable":true,"href":"https:\/\/datacrazyworld.com\/index.php\/wp-json\/wp\/v2\/users\/2"}],"replies":[{"embeddable":true,"href":"https:\/\/datacrazyworld.com\/index.php\/wp-json\/wp\/v2\/comments?post=75"}],"version-history":[{"count":14,"href":"https:\/\/datacrazyworld.com\/index.php\/wp-json\/wp\/v2\/pages\/75\/revisions"}],"predecessor-version":[{"id":758,"href":"https:\/\/datacrazyworld.com\/index.php\/wp-json\/wp\/v2\/pages\/75\/revisions\/758"}],"wp:attachment":[{"href":"https:\/\/datacrazyworld.com\/index.php\/wp-json\/wp\/v2\/media?parent=75"}],"curies":[{"name":"wp","href":"https:\/\/api.w.org\/{rel}","templated":true}]}}